{"id":2321,"date":"2018-10-02T06:07:35","date_gmt":"2018-10-02T06:07:35","guid":{"rendered":"https:\/\/www.opticapedraza.com\/blog\/?page_id=2321"},"modified":"2023-06-26T06:42:46","modified_gmt":"2023-06-26T06:42:46","slug":"blog-de-optica-pedraza","status":"publish","type":"page","link":"https:\/\/www.opticapedraza.com\/blog\/","title":{"rendered":"Blog de \u00d3ptica Pedraza"},"content":{"rendered":"\n<h2 class=\"wp-block-heading\">S\u00edguenos en Instagram<\/h2>\n\n\n\n<!-- elfsight WIDGET -->\n<script src=\"https:\/\/static.elfsight.com\/platform\/platform.js\" data-use-service-core defer><\/script>\n<div class=\"elfsight-app-21927dd4-1fb1-4805-9e9b-74d4085ae277\"><\/div>\n\n\n\n<h2 class=\"wp-block-heading\">\u00daltimas entradas en nuestro Blog<\/h2>\n\n\n\n\n<div class=\"su-posts su-posts-default-loop \">\n\n\t\n\t\t\t\t\t\n\t\t\t\n\t\t\t<div id=\"su-post-2231\" class=\"su-post \">\n\n\t\t\t\t\n\t\t\t\t<h2 class=\"su-post-title\"><a href=\"https:\/\/www.opticapedraza.com\/blog\/fatiga-visual-digital-el-enemigo-del-presente-y-del-futuro-de-tu-salud-ocular\/\">Fatiga visual digital, el enemigo del presente y del futuro de tu salud ocular<\/a><\/h2>\n\n\t\t\t\t<div class=\"su-post-meta\">\n\t\t\t\t\tPublicado: 20 octubre, 2017\t\t\t\t<\/div>\n\n\t\t\t\t<div class=\"su-post-excerpt\">\n\t\t\t\t\t<div style=\"padding-bottom:20px; padding-top:10px;\" class=\"hupso-share-buttons\"><!-- Hupso Share Buttons - https:\/\/www.hupso.com\/share\/ --><a class=\"hupso_toolbar\" href=\"https:\/\/www.hupso.com\/share\/\"><img decoding=\"async\" src=\"https:\/\/static.hupso.com\/share\/buttons\/lang\/es\/share-medium.png\" style=\"border:0px; padding-top: 5px; float:left;\" alt=\"Share Button\"\/><\/a><script type=\"text\/javascript\">var hupso_services_t=new Array(\"Twitter\",\"Facebook\",\"Google Plus\",\"Pinterest\",\"Email\",\"Print\");var hupso_background_t=\"#EAF4FF\";var hupso_border_t=\"#66CCFF\";var hupso_toolbar_size_t=\"medium\";var hupso_image_folder_url = \"\";var hupso_url_t=\"\";var hupso_title_t=\"Fatiga%20visual%20digital%2C%20el%20enemigo%20del%20presente%20y%20del%20futuro%20de%20tu%20salud%20ocular\";<\/script><script type=\"text\/javascript\" src=\"https:\/\/static.hupso.com\/share\/js\/share_toolbar.js\"><\/script><!-- Hupso Share Buttons --><\/div>\t\t\t\t<\/div>\n\n\t\t\t\t\n\t\t\t<\/div>\n\n\t\t\t\t\t\n\t\t\t\n\t\t\t<div id=\"su-post-2215\" class=\"su-post \">\n\n\t\t\t\t\t\t\t\t\t<a class=\"su-post-thumbnail\" href=\"https:\/\/www.opticapedraza.com\/blog\/listos-para-enfrentarnos-a-la-miopia\/\"><img loading=\"lazy\" decoding=\"async\" width=\"1024\" height=\"427\" src=\"https:\/\/www.opticapedraza.com\/blog\/wp-content\/uploads\/misight-1024x427-1.jpg\" class=\"attachment-post-thumbnail size-post-thumbnail wp-post-image\" alt=\"\" srcset=\"https:\/\/www.opticapedraza.com\/blog\/wp-content\/uploads\/misight-1024x427-1.jpg 1024w, https:\/\/www.opticapedraza.com\/blog\/wp-content\/uploads\/misight-1024x427-1-300x125.jpg 300w, https:\/\/www.opticapedraza.com\/blog\/wp-content\/uploads\/misight-1024x427-1-768x320.jpg 768w\" sizes=\"auto, (max-width: 1024px) 100vw, 1024px\" \/><\/a>\n\t\t\t\t\n\t\t\t\t<h2 class=\"su-post-title\"><a href=\"https:\/\/www.opticapedraza.com\/blog\/listos-para-enfrentarnos-a-la-miopia\/\">LISTOS PARA ENFRENTARNOS A LA MIOPIA<\/a><\/h2>\n\n\t\t\t\t<div class=\"su-post-meta\">\n\t\t\t\t\tPublicado: 29 septiembre, 2017\t\t\t\t<\/div>\n\n\t\t\t\t<div class=\"su-post-excerpt\">\n\t\t\t\t\t<p>Ya os hemos ido haciendo un breve adelanto informativo sobre estas lentes y los que nos segu\u00eds sab\u00e9is que\u00a0 adaptamos las lentes de ortoqueratolog\u00eda, tambi\u00e9n para control de miop\u00eda desde hace muchos a\u00f1os, creo que 12. Llevamos unos meses adaptando&#8230;<\/p>\n<div style=\"padding-bottom:20px; padding-top:10px;\" class=\"hupso-share-buttons\"><!-- Hupso Share Buttons - https:\/\/www.hupso.com\/share\/ --><a class=\"hupso_toolbar\" href=\"https:\/\/www.hupso.com\/share\/\"><img decoding=\"async\" src=\"https:\/\/static.hupso.com\/share\/buttons\/lang\/es\/share-medium.png\" style=\"border:0px; padding-top: 5px; float:left;\" alt=\"Share Button\"\/><\/a><script type=\"text\/javascript\">var hupso_services_t=new Array(\"Twitter\",\"Facebook\",\"Google Plus\",\"Pinterest\",\"Email\",\"Print\");var hupso_background_t=\"#EAF4FF\";var hupso_border_t=\"#66CCFF\";var hupso_toolbar_size_t=\"medium\";var hupso_image_folder_url = \"\";var hupso_url_t=\"\";var hupso_title_t=\"LISTOS%20PARA%20ENFRENTARNOS%20A%20LA%20MIOPIA\";<\/script><script type=\"text\/javascript\" src=\"https:\/\/static.hupso.com\/share\/js\/share_toolbar.js\"><\/script><!-- Hupso Share Buttons --><\/div>\t\t\t\t<\/div>\n\n\t\t\t\t\n\t\t\t<\/div>\n\n\t\t\t\t\t\n\t\t\t\n\t\t\t<div id=\"su-post-2184\" class=\"su-post \">\n\n\t\t\t\t\t\t\t\t\t<a class=\"su-post-thumbnail\" href=\"https:\/\/www.opticapedraza.com\/blog\/liquidamos-oliver-peoples-todos-los-modelos-con-el-25-de-dto\/\"><img loading=\"lazy\" decoding=\"async\" width=\"304\" height=\"166\" src=\"https:\/\/www.opticapedraza.com\/blog\/wp-content\/uploads\/oliver-peoples-imagen-1.jpg\" class=\"attachment-post-thumbnail size-post-thumbnail wp-post-image\" alt=\"\" srcset=\"https:\/\/www.opticapedraza.com\/blog\/wp-content\/uploads\/oliver-peoples-imagen-1.jpg 304w, https:\/\/www.opticapedraza.com\/blog\/wp-content\/uploads\/oliver-peoples-imagen-1-300x164.jpg 300w\" sizes=\"auto, (max-width: 304px) 100vw, 304px\" \/><\/a>\n\t\t\t\t\n\t\t\t\t<h2 class=\"su-post-title\"><a href=\"https:\/\/www.opticapedraza.com\/blog\/liquidamos-oliver-peoples-todos-los-modelos-con-el-25-de-dto\/\">LIQUIDAMOS OLIVER PEOPLES!!!!! TODOS LOS MODELOS CON EL 25 % de DTO!!<\/a><\/h2>\n\n\t\t\t\t<div class=\"su-post-meta\">\n\t\t\t\t\tPublicado: 20 julio, 2017\t\t\t\t<\/div>\n\n\t\t\t\t<div class=\"su-post-excerpt\">\n\t\t\t\t\t<p>Antes de recibir las pr\u00f3ximas novedades hacemos limpieza de restos de colecciones a precios muy muy apetecibles!!!! Gafas de sol y graduadas de Oliver Peoples, la marca de los famosos y famosas, TODAS con el 25 % de descuento hasta&#8230;<\/p>\n<div style=\"padding-bottom:20px; padding-top:10px;\" class=\"hupso-share-buttons\"><!-- Hupso Share Buttons - https:\/\/www.hupso.com\/share\/ --><a class=\"hupso_toolbar\" href=\"https:\/\/www.hupso.com\/share\/\"><img decoding=\"async\" src=\"https:\/\/static.hupso.com\/share\/buttons\/lang\/es\/share-medium.png\" style=\"border:0px; padding-top: 5px; float:left;\" alt=\"Share Button\"\/><\/a><script type=\"text\/javascript\">var hupso_services_t=new Array(\"Twitter\",\"Facebook\",\"Google Plus\",\"Pinterest\",\"Email\",\"Print\");var hupso_background_t=\"#EAF4FF\";var hupso_border_t=\"#66CCFF\";var hupso_toolbar_size_t=\"medium\";var hupso_image_folder_url = \"\";var hupso_url_t=\"\";var hupso_title_t=\"LIQUIDAMOS%20OLIVER%20PEOPLES%21%21%21%21%21%20TODOS%20LOS%20MODELOS%20CON%20EL%2025%20%25%20de%20DTO%21%21\";<\/script><script type=\"text\/javascript\" src=\"https:\/\/static.hupso.com\/share\/js\/share_toolbar.js\"><\/script><!-- Hupso Share Buttons --><\/div>\t\t\t\t<\/div>\n\n\t\t\t\t\n\t\t\t<\/div>\n\n\t\t\t\t\t\n\t\t\t\n\t\t\t<div id=\"su-post-2145\" class=\"su-post \">\n\n\t\t\t\t\t\t\t\t\t<a class=\"su-post-thumbnail\" href=\"https:\/\/www.opticapedraza.com\/blog\/mauijim-gafas-de-sol-para-usuarios-exigentes-disfruta-del-color-la-claridad-y-los-detalles\/\"><img loading=\"lazy\" decoding=\"async\" width=\"1667\" height=\"1375\" src=\"https:\/\/www.opticapedraza.com\/blog\/wp-content\/uploads\/image-26.jpeg\" class=\"attachment-post-thumbnail size-post-thumbnail wp-post-image\" alt=\"\" srcset=\"https:\/\/www.opticapedraza.com\/blog\/wp-content\/uploads\/image-26.jpeg 1667w, https:\/\/www.opticapedraza.com\/blog\/wp-content\/uploads\/image-26-300x247.jpeg 300w, https:\/\/www.opticapedraza.com\/blog\/wp-content\/uploads\/image-26-768x633.jpeg 768w, https:\/\/www.opticapedraza.com\/blog\/wp-content\/uploads\/image-26-1024x845.jpeg 1024w\" sizes=\"auto, (max-width: 1667px) 100vw, 1667px\" \/><\/a>\n\t\t\t\t\n\t\t\t\t<h2 class=\"su-post-title\"><a href=\"https:\/\/www.opticapedraza.com\/blog\/mauijim-gafas-de-sol-para-usuarios-exigentes-disfruta-del-color-la-claridad-y-los-detalles\/\">MauiJim gafas de sol para usuarios exigentes. Disfruta del color, la claridad y los detalles<\/a><\/h2>\n\n\t\t\t\t<div class=\"su-post-meta\">\n\t\t\t\t\tPublicado: 27 mayo, 2017\t\t\t\t<\/div>\n\n\t\t\t\t<div class=\"su-post-excerpt\">\n\t\t\t\t\t<p>Maui es uno de los lugares m\u00e1s exuberantes y vibrantes del planeta. Sin embargo, la intensa luz solar crea una serie de condiciones que ocultan la belleza de la isla. Por ese motivo, la tecnolog\u00eda PolarizedPlus2\u00ae va m\u00e1s all\u00e1 de&#8230;<\/p>\n<div style=\"padding-bottom:20px; padding-top:10px;\" class=\"hupso-share-buttons\"><!-- Hupso Share Buttons - https:\/\/www.hupso.com\/share\/ --><a class=\"hupso_toolbar\" href=\"https:\/\/www.hupso.com\/share\/\"><img decoding=\"async\" src=\"https:\/\/static.hupso.com\/share\/buttons\/lang\/es\/share-medium.png\" style=\"border:0px; padding-top: 5px; float:left;\" alt=\"Share Button\"\/><\/a><script type=\"text\/javascript\">var hupso_services_t=new Array(\"Twitter\",\"Facebook\",\"Google Plus\",\"Pinterest\",\"Email\",\"Print\");var hupso_background_t=\"#EAF4FF\";var hupso_border_t=\"#66CCFF\";var hupso_toolbar_size_t=\"medium\";var hupso_image_folder_url = \"\";var hupso_url_t=\"\";var hupso_title_t=\"MauiJim%20gafas%20de%20sol%20para%20usuarios%20exigentes.%20Disfruta%20del%20color%2C%20la%20claridad%20y%20los%20detalles\";<\/script><script type=\"text\/javascript\" src=\"https:\/\/static.hupso.com\/share\/js\/share_toolbar.js\"><\/script><!-- Hupso Share Buttons --><\/div>\t\t\t\t<\/div>\n\n\t\t\t\t\n\t\t\t<\/div>\n\n\t\t\t\t\t\n\t\t\t\n\t\t\t<div id=\"su-post-2128\" class=\"su-post \">\n\n\t\t\t\t\n\t\t\t\t<h2 class=\"su-post-title\"><a href=\"https:\/\/www.opticapedraza.com\/blog\/crees-que-todos-los-cristales-oscuros-te-protegen-no-te-pierdas-este-video-y-cuida-tus-ojos\/\">\u00bfCrees que todos los cristales oscuros te protegen? No te pierdas este v\u00eddeo y cuida tus ojos<\/a><\/h2>\n\n\t\t\t\t<div class=\"su-post-meta\">\n\t\t\t\t\tPublicado: 31 marzo, 2017\t\t\t\t<\/div>\n\n\t\t\t\t<div class=\"su-post-excerpt\">\n\t\t\t\t\t<p>Hace ya tiempo que en nuestra \u00f3ptica asesoramos sobre la importancia de los filtros de protecci\u00f3n solares y queremos recordaroslo con un v\u00eddeo muy interesante para que sep\u00e1is que el que un cristal sea de color oscuro no quiere decir&#8230;<\/p>\n<div style=\"padding-bottom:20px; padding-top:10px;\" class=\"hupso-share-buttons\"><!-- Hupso Share Buttons - https:\/\/www.hupso.com\/share\/ --><a class=\"hupso_toolbar\" href=\"https:\/\/www.hupso.com\/share\/\"><img decoding=\"async\" src=\"https:\/\/static.hupso.com\/share\/buttons\/lang\/es\/share-medium.png\" style=\"border:0px; padding-top: 5px; float:left;\" alt=\"Share Button\"\/><\/a><script type=\"text\/javascript\">var hupso_services_t=new Array(\"Twitter\",\"Facebook\",\"Google Plus\",\"Pinterest\",\"Email\",\"Print\");var hupso_background_t=\"#EAF4FF\";var hupso_border_t=\"#66CCFF\";var hupso_toolbar_size_t=\"medium\";var hupso_image_folder_url = \"\";var hupso_url_t=\"\";var hupso_title_t=\"%C2%BFCrees%20que%20todos%20los%20cristales%20oscuros%20te%20protegen%3F%20No%20te%20pierdas%20este%20v%C3%ADdeo%20y%20cuida%20tus%20ojos\";<\/script><script type=\"text\/javascript\" src=\"https:\/\/static.hupso.com\/share\/js\/share_toolbar.js\"><\/script><!-- Hupso Share Buttons --><\/div>\t\t\t\t<\/div>\n\n\t\t\t\t\n\t\t\t<\/div>\n\n\t\t\t\t\t\n\t\t\t\n\t\t\t<div id=\"su-post-2108\" class=\"su-post \">\n\n\t\t\t\t\t\t\t\t\t<a class=\"su-post-thumbnail\" href=\"https:\/\/www.opticapedraza.com\/blog\/garrett-leigh-una-imagen-vale-mas-querras-venir-ya-a-por-las-tuyas\/\"><img loading=\"lazy\" decoding=\"async\" width=\"730\" height=\"506\" src=\"https:\/\/www.opticapedraza.com\/blog\/wp-content\/uploads\/IMG_2359.jpg\" class=\"attachment-post-thumbnail size-post-thumbnail wp-post-image\" alt=\"\" srcset=\"https:\/\/www.opticapedraza.com\/blog\/wp-content\/uploads\/IMG_2359.jpg 730w, https:\/\/www.opticapedraza.com\/blog\/wp-content\/uploads\/IMG_2359-300x208.jpg 300w\" sizes=\"auto, (max-width: 730px) 100vw, 730px\" \/><\/a>\n\t\t\t\t\n\t\t\t\t<h2 class=\"su-post-title\"><a href=\"https:\/\/www.opticapedraza.com\/blog\/garrett-leigh-una-imagen-vale-mas-querras-venir-ya-a-por-las-tuyas\/\">Garrett Leight, una imagen vale m\u00e1s&#8230;..querr\u00e1s venir ya a por las tuyas!!<\/a><\/h2>\n\n\t\t\t\t<div class=\"su-post-meta\">\n\t\t\t\t\tPublicado: 21 marzo, 2017\t\t\t\t<\/div>\n\n\t\t\t\t<div class=\"su-post-excerpt\">\n\t\t\t\t\t<p>Llega a Salamanca, tras unos a\u00f1os de rodaje, GARRETT LEIGHT, la colecci\u00f3n de gafas de sol y graduado del v\u00e1stago de Larry Leight. Por el nombre os puede sonar menos pero Larry Leight, el padre de Garrett, es ni m\u00e1s&#8230;<\/p>\n<div style=\"padding-bottom:20px; padding-top:10px;\" class=\"hupso-share-buttons\"><!-- Hupso Share Buttons - https:\/\/www.hupso.com\/share\/ --><a class=\"hupso_toolbar\" href=\"https:\/\/www.hupso.com\/share\/\"><img decoding=\"async\" src=\"https:\/\/static.hupso.com\/share\/buttons\/lang\/es\/share-medium.png\" style=\"border:0px; padding-top: 5px; float:left;\" alt=\"Share Button\"\/><\/a><script type=\"text\/javascript\">var hupso_services_t=new Array(\"Twitter\",\"Facebook\",\"Google Plus\",\"Pinterest\",\"Email\",\"Print\");var hupso_background_t=\"#EAF4FF\";var hupso_border_t=\"#66CCFF\";var hupso_toolbar_size_t=\"medium\";var hupso_image_folder_url = \"\";var hupso_url_t=\"\";var hupso_title_t=\"Garrett%20Leight%2C%20una%20imagen%20vale%20m%C3%A1s.....querr%C3%A1s%20venir%20ya%20a%20por%20las%20tuyas%21%21\";<\/script><script type=\"text\/javascript\" src=\"https:\/\/static.hupso.com\/share\/js\/share_toolbar.js\"><\/script><!-- Hupso Share Buttons --><\/div>\t\t\t\t<\/div>\n\n\t\t\t\t\n\t\t\t<\/div>\n\n\t\t\t\t\t\n\t\t\t\n\t\t\t<div id=\"su-post-2044\" class=\"su-post \">\n\n\t\t\t\t\t\t\t\t\t<a class=\"su-post-thumbnail\" href=\"https:\/\/www.opticapedraza.com\/blog\/coleccion-limitada-rebell-de-oro-de-theo-y-tim-van-steenbergen\/\"><img loading=\"lazy\" decoding=\"async\" width=\"749\" height=\"949\" src=\"https:\/\/www.opticapedraza.com\/blog\/wp-content\/uploads\/IMG_2324.jpg\" class=\"attachment-post-thumbnail size-post-thumbnail wp-post-image\" alt=\"\" srcset=\"https:\/\/www.opticapedraza.com\/blog\/wp-content\/uploads\/IMG_2324.jpg 749w, https:\/\/www.opticapedraza.com\/blog\/wp-content\/uploads\/IMG_2324-237x300.jpg 237w\" sizes=\"auto, (max-width: 749px) 100vw, 749px\" \/><\/a>\n\t\t\t\t\n\t\t\t\t<h2 class=\"su-post-title\"><a href=\"https:\/\/www.opticapedraza.com\/blog\/coleccion-limitada-rebell-de-oro-de-theo-y-tim-van-steenbergen\/\">Colecci\u00f3n limitada REBELL de Oro de Theo y Tim Van Steenbergen<\/a><\/h2>\n\n\t\t\t\t<div class=\"su-post-meta\">\n\t\t\t\t\tPublicado: 14 marzo, 2017\t\t\t\t<\/div>\n\n\t\t\t\t<div class=\"su-post-excerpt\">\n\t\t\t\t\t<p>Ya tenemos en nuestra \u00f3ptica la Colecci\u00f3n limitada de sol que ha dise\u00f1ado Tim Van Steenbergen para Theo en oro de 18 Kilates, combinadas exclusivamente con negro. Una serie de 85 piezas por modelo para todo el mundo. En Navidad&#8230;<\/p>\n<div style=\"padding-bottom:20px; padding-top:10px;\" class=\"hupso-share-buttons\"><!-- Hupso Share Buttons - https:\/\/www.hupso.com\/share\/ --><a class=\"hupso_toolbar\" href=\"https:\/\/www.hupso.com\/share\/\"><img decoding=\"async\" src=\"https:\/\/static.hupso.com\/share\/buttons\/lang\/es\/share-medium.png\" style=\"border:0px; padding-top: 5px; float:left;\" alt=\"Share Button\"\/><\/a><script type=\"text\/javascript\">var hupso_services_t=new Array(\"Twitter\",\"Facebook\",\"Google Plus\",\"Pinterest\",\"Email\",\"Print\");var hupso_background_t=\"#EAF4FF\";var hupso_border_t=\"#66CCFF\";var hupso_toolbar_size_t=\"medium\";var hupso_image_folder_url = \"\";var hupso_url_t=\"\";var hupso_title_t=\"Colecci%C3%B3n%20limitada%20REBELL%20de%20Oro%20de%20Theo%20y%20Tim%20Van%20Steenbergen\";<\/script><script type=\"text\/javascript\" src=\"https:\/\/static.hupso.com\/share\/js\/share_toolbar.js\"><\/script><!-- Hupso Share Buttons --><\/div>\t\t\t\t<\/div>\n\n\t\t\t\t\n\t\t\t<\/div>\n\n\t\t\t\t\t\n\t\t\t\n\t\t\t<div id=\"su-post-2028\" class=\"su-post \">\n\n\t\t\t\t\t\t\t\t\t<a class=\"su-post-thumbnail\" href=\"https:\/\/www.opticapedraza.com\/blog\/mykita-damir-doma-un-toque-excentrico-muy-elegante-y-muy-moderno\/\"><img loading=\"lazy\" decoding=\"async\" width=\"750\" height=\"731\" src=\"https:\/\/www.opticapedraza.com\/blog\/wp-content\/uploads\/IMG_2249.jpg\" class=\"attachment-post-thumbnail size-post-thumbnail wp-post-image\" alt=\"\" srcset=\"https:\/\/www.opticapedraza.com\/blog\/wp-content\/uploads\/IMG_2249.jpg 750w, https:\/\/www.opticapedraza.com\/blog\/wp-content\/uploads\/IMG_2249-300x292.jpg 300w\" sizes=\"auto, (max-width: 750px) 100vw, 750px\" \/><\/a>\n\t\t\t\t\n\t\t\t\t<h2 class=\"su-post-title\"><a href=\"https:\/\/www.opticapedraza.com\/blog\/mykita-damir-doma-un-toque-excentrico-muy-elegante-y-muy-moderno\/\">MYKITA DAMIR DOMA. Un toque exc\u00e9ntrico, muy elegante y muy moderno.<\/a><\/h2>\n\n\t\t\t\t<div class=\"su-post-meta\">\n\t\t\t\t\tPublicado: 3 marzo, 2017\t\t\t\t<\/div>\n\n\t\t\t\t<div class=\"su-post-excerpt\">\n\t\t\t\t\t<p>Una de las gafas de sol que me ha enamorado de los \u00faltimos dise\u00f1os de MYKITA, es el modelo SIRU, de la colaboraci\u00f3n con DAMIR DOMA.\u00a0 Ya os habl\u00e9 en alguna ocasi\u00f3n de DAMIR DOMA, un dise\u00f1ador croata, nacido en&#8230;<\/p>\n<div style=\"padding-bottom:20px; padding-top:10px;\" class=\"hupso-share-buttons\"><!-- Hupso Share Buttons - https:\/\/www.hupso.com\/share\/ --><a class=\"hupso_toolbar\" href=\"https:\/\/www.hupso.com\/share\/\"><img decoding=\"async\" src=\"https:\/\/static.hupso.com\/share\/buttons\/lang\/es\/share-medium.png\" style=\"border:0px; padding-top: 5px; float:left;\" alt=\"Share Button\"\/><\/a><script type=\"text\/javascript\">var hupso_services_t=new Array(\"Twitter\",\"Facebook\",\"Google Plus\",\"Pinterest\",\"Email\",\"Print\");var hupso_background_t=\"#EAF4FF\";var hupso_border_t=\"#66CCFF\";var hupso_toolbar_size_t=\"medium\";var hupso_image_folder_url = \"\";var hupso_url_t=\"\";var hupso_title_t=\"MYKITA%20DAMIR%20DOMA.%20Un%20toque%20exc%C3%A9ntrico%2C%20muy%20elegante%20y%20muy%20moderno.\";<\/script><script type=\"text\/javascript\" src=\"https:\/\/static.hupso.com\/share\/js\/share_toolbar.js\"><\/script><!-- Hupso Share Buttons --><\/div>\t\t\t\t<\/div>\n\n\t\t\t\t\n\t\t\t<\/div>\n\n\t\t\t\t\t\n\t\t\t\n\t\t\t<div id=\"su-post-1978\" class=\"su-post \">\n\n\t\t\t\t\n\t\t\t\t<h2 class=\"su-post-title\"><a href=\"https:\/\/www.opticapedraza.com\/blog\/algunos-ejercicios-divertidos-de-terapia-visual-con-una-modelo-de-excepcion\/\">Algunos ejercicios divertidos de Terapia visual con una modelo de excepci\u00f3n<\/a><\/h2>\n\n\t\t\t\t<div class=\"su-post-meta\">\n\t\t\t\t\tPublicado: 28 febrero, 2017\t\t\t\t<\/div>\n\n\t\t\t\t<div class=\"su-post-excerpt\">\n\t\t\t\t\t<p>Hoy os ense\u00f1amos algunas fotos con Olivia, una peque\u00f1a modelo que nos ha ayudado para ense\u00f1aros algunos ejercicios de los que realizamos en nuestro gabinete de Terapia visual, ya que los pacientes est\u00e1n protegidos y no podemos publicar sus fotos&#8230;.<\/p>\n<div style=\"padding-bottom:20px; padding-top:10px;\" class=\"hupso-share-buttons\"><!-- Hupso Share Buttons - https:\/\/www.hupso.com\/share\/ --><a class=\"hupso_toolbar\" href=\"https:\/\/www.hupso.com\/share\/\"><img decoding=\"async\" src=\"https:\/\/static.hupso.com\/share\/buttons\/lang\/es\/share-medium.png\" style=\"border:0px; padding-top: 5px; float:left;\" alt=\"Share Button\"\/><\/a><script type=\"text\/javascript\">var hupso_services_t=new Array(\"Twitter\",\"Facebook\",\"Google Plus\",\"Pinterest\",\"Email\",\"Print\");var hupso_background_t=\"#EAF4FF\";var hupso_border_t=\"#66CCFF\";var hupso_toolbar_size_t=\"medium\";var hupso_image_folder_url = \"\";var hupso_url_t=\"\";var hupso_title_t=\"Algunos%20ejercicios%20divertidos%20de%20Terapia%20visual%20con%20una%20modelo%20de%20excepci%C3%B3n\";<\/script><script type=\"text\/javascript\" src=\"https:\/\/static.hupso.com\/share\/js\/share_toolbar.js\"><\/script><!-- Hupso Share Buttons --><\/div>\t\t\t\t<\/div>\n\n\t\t\t\t\n\t\t\t<\/div>\n\n\t\t\t\t\t\n\t\t\t\n\t\t\t<div id=\"su-post-1866\" class=\"su-post \">\n\n\t\t\t\t\t\t\t\t\t<a class=\"su-post-thumbnail\" href=\"https:\/\/www.opticapedraza.com\/blog\/las-gafas-y-accesorios-que-buscabas-de-caroline-abram-en-optica-pedraza\/\"><img loading=\"lazy\" decoding=\"async\" width=\"750\" height=\"743\" src=\"https:\/\/www.opticapedraza.com\/blog\/wp-content\/uploads\/carolineabram2.jpg.jpg\" class=\"attachment-post-thumbnail size-post-thumbnail wp-post-image\" alt=\"\" srcset=\"https:\/\/www.opticapedraza.com\/blog\/wp-content\/uploads\/carolineabram2.jpg.jpg 750w, https:\/\/www.opticapedraza.com\/blog\/wp-content\/uploads\/carolineabram2.jpg-150x150.jpg 150w, https:\/\/www.opticapedraza.com\/blog\/wp-content\/uploads\/carolineabram2.jpg-300x297.jpg 300w, https:\/\/www.opticapedraza.com\/blog\/wp-content\/uploads\/carolineabram2.jpg-144x144.jpg 144w\" sizes=\"auto, (max-width: 750px) 100vw, 750px\" \/><\/a>\n\t\t\t\t\n\t\t\t\t<h2 class=\"su-post-title\"><a href=\"https:\/\/www.opticapedraza.com\/blog\/las-gafas-y-accesorios-que-buscabas-de-caroline-abram-en-optica-pedraza\/\">Las gafas y accesorios que buscabas de Caroline Abram&#8230;..en Optica Pedraza<\/a><\/h2>\n\n\t\t\t\t<div class=\"su-post-meta\">\n\t\t\t\t\tPublicado: 14 febrero, 2017\t\t\t\t<\/div>\n\n\t\t\t\t<div class=\"su-post-excerpt\">\n\t\t\t\t\t<p>\u00bfQuieres darle un toque chic a tus gafas ? Ya sean de sol o de graduado, te encantar\u00e1 ponerle una nota de color o un toque especial a tus gafas con la ventaja adem\u00e1s de no dejarlas en cualquier lugar&#8230;<\/p>\n<div style=\"padding-bottom:20px; padding-top:10px;\" class=\"hupso-share-buttons\"><!-- Hupso Share Buttons - https:\/\/www.hupso.com\/share\/ --><a class=\"hupso_toolbar\" href=\"https:\/\/www.hupso.com\/share\/\"><img decoding=\"async\" src=\"https:\/\/static.hupso.com\/share\/buttons\/lang\/es\/share-medium.png\" style=\"border:0px; padding-top: 5px; float:left;\" alt=\"Share Button\"\/><\/a><script type=\"text\/javascript\">var hupso_services_t=new Array(\"Twitter\",\"Facebook\",\"Google Plus\",\"Pinterest\",\"Email\",\"Print\");var hupso_background_t=\"#EAF4FF\";var hupso_border_t=\"#66CCFF\";var hupso_toolbar_size_t=\"medium\";var hupso_image_folder_url = \"\";var hupso_url_t=\"\";var hupso_title_t=\"Las%20gafas%20y%20accesorios%20que%20buscabas%20de%20Caroline%20Abram.....en%20Optica%20Pedraza\";<\/script><script type=\"text\/javascript\" src=\"https:\/\/static.hupso.com\/share\/js\/share_toolbar.js\"><\/script><!-- Hupso Share Buttons --><\/div>\t\t\t\t<\/div>\n\n\t\t\t\t\n\t\t\t<\/div>\n\n\t\t\n\t\n<\/div>\n\n<div style=\"padding-bottom:20px; padding-top:10px;\" class=\"hupso-share-buttons\"><!-- Hupso Share Buttons - https:\/\/www.hupso.com\/share\/ --><a class=\"hupso_toolbar\" href=\"https:\/\/www.hupso.com\/share\/\"><img decoding=\"async\" src=\"https:\/\/static.hupso.com\/share\/buttons\/lang\/es\/share-medium.png\" style=\"border:0px; padding-top: 5px; float:left;\" alt=\"Share Button\"\/><\/a><script type=\"text\/javascript\">var hupso_services_t=new Array(\"Twitter\",\"Facebook\",\"Google Plus\",\"Pinterest\",\"Email\",\"Print\");var hupso_background_t=\"#EAF4FF\";var hupso_border_t=\"#66CCFF\";var hupso_toolbar_size_t=\"medium\";var hupso_image_folder_url = \"\";var hupso_url_t=\"\";var hupso_title_t=\"Blog%20de%20%C3%93ptica%20Pedraza\";<\/script><script type=\"text\/javascript\" src=\"https:\/\/static.hupso.com\/share\/js\/share_toolbar.js\"><\/script><!-- Hupso Share Buttons --><\/div>","protected":false},"excerpt":{"rendered":"<p>S\u00edguenos en Instagram \u00daltimas entradas en nuestro Blog<\/p>\n<div style=\"padding-bottom:20px; padding-top:10px;\" class=\"hupso-share-buttons\"><!-- Hupso Share Buttons - https:\/\/www.hupso.com\/share\/ --><a class=\"hupso_toolbar\" href=\"https:\/\/www.hupso.com\/share\/\"><img src=\"https:\/\/static.hupso.com\/share\/buttons\/lang\/es\/share-medium.png\" style=\"border:0px; padding-top: 5px; float:left;\" alt=\"Share Button\"\/><\/a><script type=\"text\/javascript\">var hupso_services_t=new Array(\"Twitter\",\"Facebook\",\"Google Plus\",\"Pinterest\",\"Email\",\"Print\");var hupso_background_t=\"#EAF4FF\";var hupso_border_t=\"#66CCFF\";var hupso_toolbar_size_t=\"medium\";var hupso_image_folder_url = \"\";var hupso_url_t=\"\";var hupso_title_t=\"Las%20gafas%20y%20accesorios%20que%20buscabas%20de%20Caroline%20Abram.....en%20Optica%20Pedraza\";<\/script><script type=\"text\/javascript\" src=\"https:\/\/static.hupso.com\/share\/js\/share_toolbar.js\"><\/script><!-- Hupso Share Buttons --><\/div>","protected":false},"author":1,"featured_media":0,"parent":0,"menu_order":0,"comment_status":"closed","ping_status":"closed","template":"","meta":{"footnotes":""},"class_list":["post-2321","page","type-page","status-publish","hentry"],"aioseo_notices":[],"_links":{"self":[{"href":"https:\/\/www.opticapedraza.com\/blog\/wp-json\/wp\/v2\/pages\/2321","targetHints":{"allow":["GET"]}}],"collection":[{"href":"https:\/\/www.opticapedraza.com\/blog\/wp-json\/wp\/v2\/pages"}],"about":[{"href":"https:\/\/www.opticapedraza.com\/blog\/wp-json\/wp\/v2\/types\/page"}],"author":[{"embeddable":true,"href":"https:\/\/www.opticapedraza.com\/blog\/wp-json\/wp\/v2\/users\/1"}],"replies":[{"embeddable":true,"href":"https:\/\/www.opticapedraza.com\/blog\/wp-json\/wp\/v2\/comments?post=2321"}],"version-history":[{"count":3,"href":"https:\/\/www.opticapedraza.com\/blog\/wp-json\/wp\/v2\/pages\/2321\/revisions"}],"predecessor-version":[{"id":2388,"href":"https:\/\/www.opticapedraza.com\/blog\/wp-json\/wp\/v2\/pages\/2321\/revisions\/2388"}],"wp:attachment":[{"href":"https:\/\/www.opticapedraza.com\/blog\/wp-json\/wp\/v2\/media?parent=2321"}],"curies":[{"name":"wp","href":"https:\/\/api.w.org\/{rel}","templated":true}]}}